{"id":155,"date":"2013-04-22T10:16:13","date_gmt":"2013-04-22T08:16:13","guid":{"rendered":"http:\/\/www.silviafreund.de\/malerei\/?page_id=155"},"modified":"2019-07-15T10:56:37","modified_gmt":"2019-07-15T08:56:37","slug":"impressum","status":"publish","type":"page","link":"https:\/\/www.silviafreund.de\/malerei\/impressum\/","title":{"rendered":"Impressum"},"content":{"rendered":"<p>Silvia Freund-Herku<br \/>\nRembrandtweg 14<\/p>\n<h2>40724 Hilden<\/h2>\n<p><strong>Telefon:<\/strong> 02103 &#8211; 39 63 55<br \/>\n<strong>Mobil:<\/strong> 0173 &#8211; 3434406<\/p>\n<p><strong>Mail:<\/strong> <a href=\"mailto:mal-anders@silviafreund.de\">mal-anders@silviafreund.de<\/a><br \/>\n<strong>Internet:<\/strong> <a href=\"https:\/\/www.silviafreund.de\">https:\/\/www.silviafreund.de<\/a><\/p>\n<p>&nbsp;<\/p>\n<p><strong>Disclaimer: <\/strong>F\u00fcr Inhalte durch Links zu externen Seiten au\u00dferhalb dieser Homepage \u00fcbernehmen wir keinerlei Haftung.<\/p>\n","protected":false},"excerpt":{"rendered":"<p>Silvia Freund-Herku Rembrandtweg 14 40724 Hilden Telefon: 02103 &#8211; 39 63 55 Mobil: 0173 &#8211; 3434406 Mail: mal-anders@silviafreund.de Internet: https:\/\/www.silviafreund.de &nbsp; Disclaimer: F\u00fcr Inhalte durch Links zu externen Seiten au\u00dferhalb dieser Homepage \u00fcbernehmen wir keinerlei Haftung.<\/p>\n","protected":false},"author":3,"featured_media":0,"parent":0,"menu_order":0,"comment_status":"closed","ping_status":"closed","template":"","meta":{"footnotes":""},"class_list":["post-155","page","type-page","status-publish","hentry"],"yoast_head":"<!-- This site is optimized with the Yoast SEO plugin v26.7 - https:\/\/yoast.com\/wordpress\/plugins\/seo\/ -->\n<title>Impressum - Silvia Freund-Herku<\/title>\n<meta name=\"robots\" content=\"index, follow, max-snippet:-1, max-image-preview:large, max-video-preview:-1\" \/>\n<link rel=\"canonical\" href=\"https:\/\/www.silviafreund.de\/malerei\/impressum\/\" \/>\n<meta property=\"og:locale\" content=\"de_DE\" \/>\n<meta property=\"og:type\" content=\"article\" \/>\n<meta property=\"og:title\" content=\"Impressum - Silvia Freund-Herku\" \/>\n<meta property=\"og:description\" content=\"Silvia Freund-Herku Rembrandtweg 14 40724 Hilden Telefon: 02103 &#8211; 39 63 55 Mobil: 0173 &#8211; 3434406 Mail: mal-anders@silviafreund.de Internet: https:\/\/www.silviafreund.de &nbsp; Disclaimer: F\u00fcr Inhalte durch Links zu externen Seiten au\u00dferhalb dieser Homepage \u00fcbernehmen wir keinerlei Haftung.\" \/>\n<meta property=\"og:url\" content=\"https:\/\/www.silviafreund.de\/malerei\/impressum\/\" \/>\n<meta property=\"og:site_name\" content=\"Silvia Freund-Herku\" \/>\n<meta property=\"article:modified_time\" content=\"2019-07-15T08:56:37+00:00\" \/>\n<meta name=\"twitter:card\" content=\"summary_large_image\" \/>\n<script type=\"application\/ld+json\" class=\"yoast-schema-graph\">{\"@context\":\"https:\/\/schema.org\",\"@graph\":[{\"@type\":\"WebPage\",\"@id\":\"https:\/\/www.silviafreund.de\/malerei\/impressum\/\",\"url\":\"https:\/\/www.silviafreund.de\/malerei\/impressum\/\",\"name\":\"Impressum - Silvia Freund-Herku\",\"isPartOf\":{\"@id\":\"https:\/\/www.silviafreund.de\/malerei\/#website\"},\"datePublished\":\"2013-04-22T08:16:13+00:00\",\"dateModified\":\"2019-07-15T08:56:37+00:00\",\"breadcrumb\":{\"@id\":\"https:\/\/www.silviafreund.de\/malerei\/impressum\/#breadcrumb\"},\"inLanguage\":\"de\",\"potentialAction\":[{\"@type\":\"ReadAction\",\"target\":[\"https:\/\/www.silviafreund.de\/malerei\/impressum\/\"]}]},{\"@type\":\"BreadcrumbList\",\"@id\":\"https:\/\/www.silviafreund.de\/malerei\/impressum\/#breadcrumb\",\"itemListElement\":[{\"@type\":\"ListItem\",\"position\":1,\"name\":\"Startseite\",\"item\":\"https:\/\/www.silviafreund.de\/malerei\/\"},{\"@type\":\"ListItem\",\"position\":2,\"name\":\"Impressum\"}]},{\"@type\":\"WebSite\",\"@id\":\"https:\/\/www.silviafreund.de\/malerei\/#website\",\"url\":\"https:\/\/www.silviafreund.de\/malerei\/\",\"name\":\"Silvia Freund-Herku\",\"description\":\"Malerei aus Hilden\",\"potentialAction\":[{\"@type\":\"SearchAction\",\"target\":{\"@type\":\"EntryPoint\",\"urlTemplate\":\"https:\/\/www.silviafreund.de\/malerei\/?s={search_term_string}\"},\"query-input\":{\"@type\":\"PropertyValueSpecification\",\"valueRequired\":true,\"valueName\":\"search_term_string\"}}],\"inLanguage\":\"de\"}]}<\/script>\n<!-- \/ Yoast SEO plugin. -->","yoast_head_json":{"title":"Impressum - Silvia Freund-Herku","robots":{"index":"index","follow":"follow","max-snippet":"max-snippet:-1","max-image-preview":"max-image-preview:large","max-video-preview":"max-video-preview:-1"},"canonical":"https:\/\/www.silviafreund.de\/malerei\/impressum\/","og_locale":"de_DE","og_type":"article","og_title":"Impressum - Silvia Freund-Herku","og_description":"Silvia Freund-Herku Rembrandtweg 14 40724 Hilden Telefon: 02103 &#8211; 39 63 55 Mobil: 0173 &#8211; 3434406 Mail: mal-anders@silviafreund.de Internet: https:\/\/www.silviafreund.de &nbsp; Disclaimer: F\u00fcr Inhalte durch Links zu externen Seiten au\u00dferhalb dieser Homepage \u00fcbernehmen wir keinerlei Haftung.","og_url":"https:\/\/www.silviafreund.de\/malerei\/impressum\/","og_site_name":"Silvia Freund-Herku","article_modified_time":"2019-07-15T08:56:37+00:00","twitter_card":"summary_large_image","schema":{"@context":"https:\/\/schema.org","@graph":[{"@type":"WebPage","@id":"https:\/\/www.silviafreund.de\/malerei\/impressum\/","url":"https:\/\/www.silviafreund.de\/malerei\/impressum\/","name":"Impressum - Silvia Freund-Herku","isPartOf":{"@id":"https:\/\/www.silviafreund.de\/malerei\/#website"},"datePublished":"2013-04-22T08:16:13+00:00","dateModified":"2019-07-15T08:56:37+00:00","breadcrumb":{"@id":"https:\/\/www.silviafreund.de\/malerei\/impressum\/#breadcrumb"},"inLanguage":"de","potentialAction":[{"@type":"ReadAction","target":["https:\/\/www.silviafreund.de\/malerei\/impressum\/"]}]},{"@type":"BreadcrumbList","@id":"https:\/\/www.silviafreund.de\/malerei\/impressum\/#breadcrumb","itemListElement":[{"@type":"ListItem","position":1,"name":"Startseite","item":"https:\/\/www.silviafreund.de\/malerei\/"},{"@type":"ListItem","position":2,"name":"Impressum"}]},{"@type":"WebSite","@id":"https:\/\/www.silviafreund.de\/malerei\/#website","url":"https:\/\/www.silviafreund.de\/malerei\/","name":"Silvia Freund-Herku","description":"Malerei aus Hilden","potentialAction":[{"@type":"SearchAction","target":{"@type":"EntryPoint","urlTemplate":"https:\/\/www.silviafreund.de\/malerei\/?s={search_term_string}"},"query-input":{"@type":"PropertyValueSpecification","valueRequired":true,"valueName":"search_term_string"}}],"inLanguage":"de"}]}},"_links":{"self":[{"href":"https:\/\/www.silviafreund.de\/malerei\/wp-json\/wp\/v2\/pages\/155","targetHints":{"allow":["GET"]}}],"collection":[{"href":"https:\/\/www.silviafreund.de\/malerei\/wp-json\/wp\/v2\/pages"}],"about":[{"href":"https:\/\/www.silviafreund.de\/malerei\/wp-json\/wp\/v2\/types\/page"}],"author":[{"embeddable":true,"href":"https:\/\/www.silviafreund.de\/malerei\/wp-json\/wp\/v2\/users\/3"}],"replies":[{"embeddable":true,"href":"https:\/\/www.silviafreund.de\/malerei\/wp-json\/wp\/v2\/comments?post=155"}],"version-history":[{"count":18,"href":"https:\/\/www.silviafreund.de\/malerei\/wp-json\/wp\/v2\/pages\/155\/revisions"}],"predecessor-version":[{"id":1166,"href":"https:\/\/www.silviafreund.de\/malerei\/wp-json\/wp\/v2\/pages\/155\/revisions\/1166"}],"wp:attachment":[{"href":"https:\/\/www.silviafreund.de\/malerei\/wp-json\/wp\/v2\/media?parent=155"}],"curies":[{"name":"wp","href":"https:\/\/api.w.org\/{rel}","templated":true}]}}